{"id":102,"date":"2021-04-25T15:51:26","date_gmt":"2021-04-25T13:51:26","guid":{"rendered":"https:\/\/asbl-ombrage.be\/?page_id=102"},"modified":"2026-01-07T16:39:38","modified_gmt":"2026-01-07T15:39:38","slug":"centre-de-jour","status":"publish","type":"page","link":"https:\/\/asbl-ombrage.be\/?page_id=102","title":{"rendered":"Pr\u00e9sentation"},"content":{"rendered":"<p>[vc_row css_animation=\u00a0\u00bb\u00a0\u00bb row_type=\u00a0\u00bbrow\u00a0\u00bb use_row_as_full_screen_section=\u00a0\u00bbno\u00a0\u00bb type=\u00a0\u00bbfull_width\u00a0\u00bb angled_section=\u00a0\u00bbno\u00a0\u00bb text_align=\u00a0\u00bbleft\u00a0\u00bb background_image_as_pattern=\u00a0\u00bbwithout_pattern\u00a0\u00bb][vc_column][vc_column_text]<strong>L&rsquo;ASBL Ombrage<\/strong> est une <strong>structure ambulatoire<\/strong> qui inscrit ses interventions dans <strong>l&rsquo;accueil, l&rsquo;information, la r\u00e9duction des risques, la prise en charge psychoth\u00e9rapeutique et l&rsquo;accompagnement psychosociale de personnes rencontrant un probl\u00e8me d\u2019assu\u00e9tudes et\/ou l\u2019entourage de ces personnes.<\/strong><\/p>\n<p>&nbsp;<\/p>\n<p>Les consommateurs de produits (essentiellement li\u00e9 \u00e0 <strong>l\u2019alcool, le tabac, le cannabis, les m\u00e9dicaments<\/strong>, <b>les drogues illicites tels que le cannabis, la coca\u00efne et plus rarement d\u2019autres\u00a0<\/b><b>produits<\/b>) sont pris en charge et peuvent contacter le service. Cela est \u00e9galement possible pour les d\u00e9pendances sans produit li\u00e9es aux<strong> jeux de hasard et d\u2019argent, aux \u00e9crans ou aux jeux vid\u00e9o<\/strong>.<\/p>\n<p>&nbsp;<\/p>\n<p>Il est n\u00e9cessaire de s\u2019int\u00e9resser \u00e9galement aux usagers qui ne peuvent ou ne veulent pas \u00ab\u00a0sortir\u00a0\u00bb de leur addiction en proposant des <strong>outils<\/strong> leur permettant de les aider \u00e0 <strong>r\u00e9duire les risques<\/strong> et les dommages li\u00e9s \u00e0 leur consommation. C\u2019est pourquoi, <strong>le contrat d&rsquo;abstinence n&rsquo;est pas exig\u00e9<\/strong>, pour autant que l\u2019usager respecte la charte de vie \u00e0 Ombrage.<br \/>\n<strong>Le travail avec celui-ci s\u2019op\u00e8re en toute transparence<\/strong> sur la consommation et les risques qui y sont li\u00e9s.<\/p>\n<p>&nbsp;<\/p>\n<p>Ombrage s\u2019adapte \u00e0 une partie de la population pour laquelle les difficult\u00e9s de d\u00e9pendance et les troubles psychiques sont r\u00e9ellement invalidants et peuvent conduire \u00e0 une perte d\u2019autonomie et\/ou \u00e0 un isolement, une d\u00e9compensation, une rechute, voire un sevrage, une postcure et\/ou une hospitalisation.<\/p>\n<p>&nbsp;<\/p>\n<p>Les activit\u00e9s du projet de service de soins sp\u00e9cialis\u00e9s en assu\u00e9tudes sont\u00a0:<\/p>\n<p><strong>\u2022 Un centre de jour<\/strong><br \/>\n<strong>\u2022 L\u2019Accueil \u00ab Ancrage \u00bb<\/strong><br \/>\n<strong>\u2022 Consultations psychologique individuelle, de couple et\/ou de famille<\/strong><\/p>\n<p>&nbsp;<\/p>\n<p>[\/vc_column_text][\/vc_column][\/vc_row][vc_row css_animation=\u00a0\u00bb\u00a0\u00bb row_type=\u00a0\u00bbrow\u00a0\u00bb use_row_as_full_screen_section=\u00a0\u00bbno\u00a0\u00bb type=\u00a0\u00bbfull_width\u00a0\u00bb angled_section=\u00a0\u00bbno\u00a0\u00bb text_align=\u00a0\u00bbleft\u00a0\u00bb background_image_as_pattern=\u00a0\u00bbwithout_pattern\u00a0\u00bb][vc_column][vc_column_text]<\/p>\n<div id=\"ConnectiveDocSignExtentionInstalled\" data-extension-version=\"1.0.4\"><\/div>\n<p>[\/vc_column_text][\/vc_column][\/vc_row]<\/p>\n","protected":false},"excerpt":{"rendered":"<p>[vc_row css_animation=\u00a0\u00bb\u00a0\u00bb row_type=\u00a0\u00bbrow\u00a0\u00bb use_row_as_full_screen_section=\u00a0\u00bbno\u00a0\u00bb type=\u00a0\u00bbfull_width\u00a0\u00bb angled_section=\u00a0\u00bbno\u00a0\u00bb text_align=\u00a0\u00bbleft\u00a0\u00bb background_image_as_pattern=\u00a0\u00bbwithout_pattern\u00a0\u00bb][vc_column][vc_column_text]L&rsquo;ASBL Ombrage est une structure ambulatoire qui inscrit ses interventions dans l&rsquo;accueil, l&rsquo;information, la r\u00e9duction des risques, la prise en charge psychoth\u00e9rapeutique et l&rsquo;accompagnement psychosociale de personnes rencontrant un probl\u00e8me d\u2019assu\u00e9tudes et\/ou l\u2019entourage de ces personnes. &nbsp; Les&#8230;<\/p>\n","protected":false},"author":3,"featured_media":0,"parent":0,"menu_order":0,"comment_status":"closed","ping_status":"closed","template":"","meta":{"footnotes":""},"class_list":["post-102","page","type-page","status-publish","hentry"],"_links":{"self":[{"href":"https:\/\/asbl-ombrage.be\/index.php?rest_route=\/wp\/v2\/pages\/102","targetHints":{"allow":["GET"]}}],"collection":[{"href":"https:\/\/asbl-ombrage.be\/index.php?rest_route=\/wp\/v2\/pages"}],"about":[{"href":"https:\/\/asbl-ombrage.be\/index.php?rest_route=\/wp\/v2\/types\/page"}],"author":[{"embeddable":true,"href":"https:\/\/asbl-ombrage.be\/index.php?rest_route=\/wp\/v2\/users\/3"}],"replies":[{"embeddable":true,"href":"https:\/\/asbl-ombrage.be\/index.php?rest_route=%2Fwp%2Fv2%2Fcomments&post=102"}],"version-history":[{"count":24,"href":"https:\/\/asbl-ombrage.be\/index.php?rest_route=\/wp\/v2\/pages\/102\/revisions"}],"predecessor-version":[{"id":759,"href":"https:\/\/asbl-ombrage.be\/index.php?rest_route=\/wp\/v2\/pages\/102\/revisions\/759"}],"wp:attachment":[{"href":"https:\/\/asbl-ombrage.be\/index.php?rest_route=%2Fwp%2Fv2%2Fmedia&parent=102"}],"curies":[{"name":"wp","href":"https:\/\/api.w.org\/{rel}","templated":true}]}}