{"id":402,"date":"2023-01-24T16:28:29","date_gmt":"2023-01-24T15:28:29","guid":{"rendered":"https:\/\/asbl-ombrage.be\/?page_id=402"},"modified":"2026-02-27T11:47:03","modified_gmt":"2026-02-27T10:47:03","slug":"prix-de-sejour","status":"publish","type":"page","link":"https:\/\/asbl-ombrage.be\/?page_id=402","title":{"rendered":"Le prix de s\u00e9jour"},"content":{"rendered":"\n<p>Le&nbsp;prix&nbsp;de s\u00e9jour est&nbsp;calcul\u00e9 sur base d\u2019un<strong> forfait mensuel de 980\u20ac<\/strong>&nbsp;et comprend&nbsp;:<\/p>\n\n\n\n<p>:<br>&#8211; les frais d\u2019<strong>h\u00e9bergement<\/strong><\/p>\n\n\n\n<p>&#8211; les <strong>charges <\/strong>(eau, \u00e9lectricit\u00e9, chauffage, pack TV&nbsp;et internet dans les lieux communs)<\/p>\n\n\n\n<p>&#8211; les frais d\u2019<strong>entretien<\/strong><br>&#8211; les frais d\u2019<strong>hygi\u00e8ne<\/strong><\/p>\n\n\n\n<p>&#8211; l\u2019<strong>assurance&nbsp;incendie <\/strong>des&nbsp;effets personnels&nbsp;plafonn\u00e9e&nbsp;\u00e0 un montant fixe<\/p>\n\n\n\n<p>&#8211; l\u2019<strong>alimentation <\/strong>de base<\/p>\n\n\n\n<p>&#8211; l\u2019<strong>accompagnement <\/strong>\u00e0 la vie quotidienne<\/p>\n\n\n\n<p>&#8211; les <strong>activit\u00e9s <\/strong>organis\u00e9es&nbsp;au sein du logement<\/p>\n\n\n\n<p>&#8211; la fr\u00e9quentation des <strong>ateliers th\u00e9rapeutique <\/strong>du centre de jour et \u00e0 l&rsquo;accueil du service d&rsquo;aide et de soins sp\u00e9cialis\u00e9s en assu\u00e9tudes (non inclus les consultations psychologique)<\/p>\n\n\n\n<p> &#8211; la mise en place d&rsquo;un r\u00e9seau<\/p>\n\n\n\n<p><\/p>\n","protected":false},"excerpt":{"rendered":"<p>Le&nbsp;prix&nbsp;de s\u00e9jour est&nbsp;calcul\u00e9 sur base d\u2019un forfait mensuel de 980\u20ac&nbsp;et comprend&nbsp;: :&#8211; les frais d\u2019h\u00e9bergement &#8211; les charges (eau, \u00e9lectricit\u00e9, chauffage, pack TV&nbsp;et internet dans les lieux communs) &#8211; les frais d\u2019entretien&#8211; les frais d\u2019hygi\u00e8ne &#8211; l\u2019assurance&nbsp;incendie des&nbsp;effets personnels&nbsp;plafonn\u00e9e&nbsp;\u00e0 un montant fixe &#8211; l\u2019alimentation de&#8230;<\/p>\n","protected":false},"author":5,"featured_media":0,"parent":0,"menu_order":0,"comment_status":"closed","ping_status":"closed","template":"","meta":{"footnotes":""},"class_list":["post-402","page","type-page","status-publish","hentry"],"_links":{"self":[{"href":"https:\/\/asbl-ombrage.be\/index.php?rest_route=\/wp\/v2\/pages\/402","targetHints":{"allow":["GET"]}}],"collection":[{"href":"https:\/\/asbl-ombrage.be\/index.php?rest_route=\/wp\/v2\/pages"}],"about":[{"href":"https:\/\/asbl-ombrage.be\/index.php?rest_route=\/wp\/v2\/types\/page"}],"author":[{"embeddable":true,"href":"https:\/\/asbl-ombrage.be\/index.php?rest_route=\/wp\/v2\/users\/5"}],"replies":[{"embeddable":true,"href":"https:\/\/asbl-ombrage.be\/index.php?rest_route=%2Fwp%2Fv2%2Fcomments&post=402"}],"version-history":[{"count":7,"href":"https:\/\/asbl-ombrage.be\/index.php?rest_route=\/wp\/v2\/pages\/402\/revisions"}],"predecessor-version":[{"id":816,"href":"https:\/\/asbl-ombrage.be\/index.php?rest_route=\/wp\/v2\/pages\/402\/revisions\/816"}],"wp:attachment":[{"href":"https:\/\/asbl-ombrage.be\/index.php?rest_route=%2Fwp%2Fv2%2Fmedia&parent=402"}],"curies":[{"name":"wp","href":"https:\/\/api.w.org\/{rel}","templated":true}]}}