{"id":485,"date":"2024-10-20T13:44:39","date_gmt":"2024-10-20T11:44:39","guid":{"rendered":"https:\/\/asbl-ombrage.be\/?page_id=485"},"modified":"2026-02-27T11:34:19","modified_gmt":"2026-02-27T10:34:19","slug":"le-centre-de-jour","status":"publish","type":"page","link":"https:\/\/asbl-ombrage.be\/?page_id=485","title":{"rendered":"Le centre de jour"},"content":{"rendered":"\n<p><strong>&#8211; Public cible<\/strong> : Ombrage s&rsquo;adresse \u00e0 des adultes pr\u00e9sentant une d\u00e9pendance \u00e0 une substance psychoactive licite ou illicite et\/ou \u00e0 un comportement (jeux) avec ou sans vuln\u00e9rabilit\u00e9 psychique. Le centre de jour est \u00e9galement accessible au proche du consommateur. <\/p>\n\n\n\n<p>&#8211; <strong><span style=\"text-decoration: underline;\">Le s\u00e9jour<\/span><\/strong><\/p>\n\n\n\n<p>Ombrage propose un <strong>programme th\u00e9rapeutique<\/strong> dont chaque usager choisira ses ateliers en fonction de ses objectifs et de son <strong>projet individuel<\/strong>.<br>Sa prise en charge est de minimum une demi-journ\u00e9e pouvant aller jusqu\u2019\u00e0 3 journ\u00e9es par semaine.<\/p>\n\n\n\n<p>Le centre de jour propose trois groupes de parole cibl\u00e9s d\u00e9pendance, un atelier gestion du stress, un atelier d\u2019expression et deux ateliers de m\u00e9diation animale (canino-relation et hippoth\u00e9rapie). \u2606 Avec le soutien de la Province de Li\u00e8ge<\/p>\n\n\n\n<div class=\"wp-block-columns is-layout-flex wp-container-core-columns-is-layout-9d6595d7 wp-block-columns-is-layout-flex\">\n<div class=\"wp-block-column is-layout-flow wp-block-column-is-layout-flow\" style=\"flex-basis:100%\">\n<figure class=\"wp-block-image size-full\"><img loading=\"lazy\" decoding=\"async\" width=\"180\" height=\"113\" src=\"https:\/\/asbl-ombrage.be\/wp-content\/uploads\/2022\/12\/Logo-prov-Liege.jpg\" alt=\"\" class=\"wp-image-308\"\/><\/figure>\n<\/div>\n<\/div>\n\n\n\n<p><strong>Les activit\u00e9s ponctuent les journ\u00e9es du centre<\/strong>&nbsp;et permettent aux usagers de se structurer au quotidien.&nbsp;<\/p>\n\n\n\n<p>Ombrage rappel que l\u2019usager doit pr\u00e9senter un degr\u00e9 de stabilisation de la consommation, de la maladie et de la sant\u00e9 mentale suffisant afin de permettre une adaptation minimale et \u00e9volutive au fonctionnement du centre de jour.&nbsp;<\/p>\n\n\n\n<p>L\u2019usager sera&nbsp;<strong>acteur de son s\u00e9jour<\/strong>&nbsp;en \u00e9tant pr\u00e9sent lors des accueils et en participant quotidiennement aux r\u00e9unions communautaires, aux ateliers th\u00e9rapeutiques mais aussi aux moments informels, partie int\u00e9grante de la vie au centre.<\/p>\n\n\n\n<p>Concr\u00e8tement, le centre de jour est ouvert les mardis, jeudis et vendredis de 9h \u00e0 16h.<\/p>\n\n\n\n<p><\/p>\n\n\n\n<p class=\"has-text-align-left\">&#8211; <strong><span style=\"text-decoration: underline;\">Les objectifs<\/span><\/strong><\/p>\n\n\n\n<p>Le travail d\u2019Ombrage vise avant tout \u00e0 aider les usagers consommateurs et\/ou le proche \u00e0 retrouver une stabilit\u00e9 dans leur vie, \u00e0 mobiliser leurs ressources personnelles et \u00e0 se r\u00e9ins\u00e9rer progressivement dans la soci\u00e9t\u00e9. Toute l\u2019\u00e9quipe accompagne les usagers dans ce cheminement en leur offrant un cadre s\u00e9curisant, des outils adapt\u00e9s et un soutien continu.<\/p>\n\n\n\n<p>Ombrage vise donc \u00e0&nbsp;<strong>relancer le processus d\u2019investissement<\/strong>&nbsp;en accompagnant les usagers vers une stabilit\u00e9 en proposant&nbsp;une prise en charge psychoth\u00e9rapeutique et communautaire, un&nbsp;<strong>accompagnement psychosocial individuel<\/strong>&nbsp;par la mise en place d\u2019entretien de soutien avec un(e) psychologue ainsi qu\u2019une aide sociale de premi\u00e8re ligne \u00e0 la demande.<\/p>\n\n\n\n<p>Le centre de jour a aussi pour but d&rsquo;accueillir les usagers, de les orienter et de favoriser le travail en r\u00e9seau.<\/p>\n\n\n\n<p>Ombrage a aussi pour objectif de favoriser&nbsp;<strong>la diminution des risques de consommation. C&rsquo;est dans ce sens qu&rsquo;<\/strong>Ombrage travaille en toute transparence avec l&rsquo;usager sur<strong>&nbsp;sa consommation et les risques qui y sont li\u00e9s<\/strong>. Le contrat d\u2019abstinence n\u2019est pas exig\u00e9 tant que le candidat respecte la charte de vie au sein du centre.<\/p>\n\n\n\n<p><\/p>\n\n\n\n<p class=\"has-text-align-left\">&#8211; <strong><span style=\"text-decoration: underline;\">Le prix du s\u00e9jour<\/span><\/strong><\/p>\n\n\n\n<p>\u2022 75\u20ac\/mois pour 1 jour\/semaine<br>\u2022 150\u20ac\/mois pour 2 jours\/semaine<br>\u2022 225\u20ac\/mois pour 3 jours\/semaine<br>Tous les ateliers, les entretiens individuels (go\u00fbter et le caf\u00e9) sont compris dans ce forfait.<\/p>\n\n\n\n<p>Des aides financi\u00e8res sont \u00e9galement possibles gr\u00e2ce \u00e0 nos collaborations avec les CPAS de la r\u00e9gion.<\/p>\n\n\n\n<p><\/p>\n\n\n\n<p>&#8211; <strong><span style=\"text-decoration: underline;\">Proc\u00e9dure de candidature<\/span><\/strong><\/p>\n\n\n\n<p><\/p>\n\n\n\n<p>Le candidat peut prendre rdv via un&nbsp;appel t\u00e9l\u00e9phonique.<\/p>\n\n\n\n<p>La candidature se d\u00e9roule alors en&nbsp;3&nbsp;phases&nbsp;:<\/p>\n\n\n\n<p>1)&nbsp;Rencontre avec un travailleur qui pr\u00e9sente l\u2019institution, le projet du Centre de jour et r\u00e9alise l\u2019anamn\u00e8se sociale du candidat<\/p>\n\n\n\n<p>2) Concertation en \u00e9quipe et prise de d\u00e9cision.<\/p>\n\n\n\n<p>3) Rencontre avec le psychiatre r\u00e9f\u00e9rent&nbsp;dans le mois&nbsp;<\/p>\n\n\n\n<p>Co\u00fbt de la candidature = 15\u20ac<\/p>\n","protected":false},"excerpt":{"rendered":"<p>&#8211; Public cible : Ombrage s&rsquo;adresse \u00e0 des adultes pr\u00e9sentant une d\u00e9pendance \u00e0 une substance psychoactive licite ou illicite et\/ou \u00e0 un comportement (jeux) avec ou sans vuln\u00e9rabilit\u00e9 psychique. Le centre de jour est \u00e9galement accessible au proche du consommateur. &#8211; Le s\u00e9jour Ombrage propose&#8230;<\/p>\n","protected":false},"author":6,"featured_media":0,"parent":0,"menu_order":0,"comment_status":"closed","ping_status":"closed","template":"","meta":{"footnotes":""},"class_list":["post-485","page","type-page","status-publish","hentry"],"_links":{"self":[{"href":"https:\/\/asbl-ombrage.be\/index.php?rest_route=\/wp\/v2\/pages\/485","targetHints":{"allow":["GET"]}}],"collection":[{"href":"https:\/\/asbl-ombrage.be\/index.php?rest_route=\/wp\/v2\/pages"}],"about":[{"href":"https:\/\/asbl-ombrage.be\/index.php?rest_route=\/wp\/v2\/types\/page"}],"author":[{"embeddable":true,"href":"https:\/\/asbl-ombrage.be\/index.php?rest_route=\/wp\/v2\/users\/6"}],"replies":[{"embeddable":true,"href":"https:\/\/asbl-ombrage.be\/index.php?rest_route=%2Fwp%2Fv2%2Fcomments&post=485"}],"version-history":[{"count":12,"href":"https:\/\/asbl-ombrage.be\/index.php?rest_route=\/wp\/v2\/pages\/485\/revisions"}],"predecessor-version":[{"id":808,"href":"https:\/\/asbl-ombrage.be\/index.php?rest_route=\/wp\/v2\/pages\/485\/revisions\/808"}],"wp:attachment":[{"href":"https:\/\/asbl-ombrage.be\/index.php?rest_route=%2Fwp%2Fv2%2Fmedia&parent=485"}],"curies":[{"name":"wp","href":"https:\/\/api.w.org\/{rel}","templated":true}]}}