{"id":500,"date":"2024-10-20T14:04:28","date_gmt":"2024-10-20T12:04:28","guid":{"rendered":"https:\/\/asbl-ombrage.be\/?page_id=500"},"modified":"2026-01-07T15:57:41","modified_gmt":"2026-01-07T14:57:41","slug":"laccueil-ancrage","status":"publish","type":"page","link":"https:\/\/asbl-ombrage.be\/?page_id=500","title":{"rendered":"L&rsquo;accueil Ancrage"},"content":{"rendered":"\n<p><strong>Ancrage <\/strong>est un lieu d\u2019<strong>hospitalit\u00e9 libre<\/strong> et <strong>sans jugement<\/strong> pour les <strong>usagers consommateurs et\/ou son entourage<\/strong>.<\/p>\n\n\n\n<p><strong>L\u2019abstinence n\u2019est pas exig\u00e9e<\/strong> et le degr\u00e9 minimal de <strong>stabilisation <\/strong>de l\u2019usager n\u2019est <strong>pas obligatoire<\/strong>.<br>Dans ce sens, la personne qui passe la porte de l\u2019accueil n\u2019a <strong>aucune obligation d\u2019engagement<\/strong>. Elle est libre de fr\u00e9quenter le service \u00e0 son rythme.<\/p>\n\n\n\n<p><strong>L\u2019anonymat<\/strong> des usagers et\/ou du proche du consommateur qui fr\u00e9quentent le service est <strong>respect\u00e9<\/strong>.&nbsp;<\/p>\n\n\n\n<p>La personne \u00e9tant moins \u00ab\u00a0\u00e0 l\u2019aise\u00a0\u00bb dans un groupe aura \u00e9galement <strong>l\u2019occasion d\u2019\u00eatre \u00e9cout\u00e9 de mani\u00e8re individuelle<\/strong> par un travailleur social \u00e0 sa demande.\u00a0<\/p>\n\n\n\n<p><strong>Une fois par mois, un Pair-aidant et l&rsquo;\u00e9quipe mobile \u00ab\u00a0Solimob\u00a0\u00bb sont pr\u00e9sents<\/strong> \u00e0 l\u2019accueil.<br><\/p>\n\n\n\n<div style=\"height:20px\" aria-hidden=\"true\" class=\"wp-block-spacer\"><\/div>\n\n\n\n<p>&#8211; <strong><span style=\"text-decoration: underline;\">Concr\u00e8tement <\/span><\/strong>:<\/p>\n\n\n\n<div style=\"height:20px\" aria-hidden=\"true\" class=\"wp-block-spacer\"><\/div>\n\n\n\n<p><\/p>\n\n\n\n<p>Ancrage propose un espace d\u2019accueil \u00e0 bas seuil favorisant le plaisir d\u2019\u00eatre ensemble et <strong>partager un moment agr\u00e9able sans devoir obligatoirement s\u2019engager dans un processus th\u00e9rapeutique<\/strong>.<\/p>\n\n\n\n<p>La personne qui passe la porte aura l\u2019occasion de se poser, de boire un caf\u00e9, de lire un journal et\/ou <strong>des articles en liens avec les assu\u00e9tudes et la sant\u00e9 mentale<\/strong>, de consulter la <strong>biblioth\u00e8que psycho\u00e9ducative<\/strong>, de profiter du jardin ou encore d\u2019\u00e9couter de la musique.&nbsp;<\/p>\n\n\n\n<p>Chaque personne int\u00e9ress\u00e9e <strong>peut se pr\u00e9senter lors de l\u2019accueil, sans rdv<\/strong>.<\/p>\n\n\n\n<p>Celle-ci est libre de pouvoir fr\u00e9quenter ce lieu sans limite de temps. Cependant,&nbsp;toute personne accueillie est soumise au respect de la charte de vie de l\u2019espace d\u2019accueil.&nbsp;<\/p>\n\n\n\n<p>Une permanence psychosociale de premi\u00e8re ligne sans contrainte y est \u00e9galement propos\u00e9e. Il s\u2019agit essentiellement de r\u00e9pondre \u00e0 la demande de l\u2019usager et\/ou de son entourage.&nbsp;<\/p>\n\n\n\n<p><strong>L&rsquo;accueil est \u00e9galement accessible \u00e0 tout professionnel qui souhaite s&rsquo;informer sur l&rsquo;ASBL Ombrage, les assu\u00e9tudes <\/strong>(avec ou sans produit) ainsi que les offres de services existants en la mati\u00e8re.<\/p>\n\n\n\n<div style=\"height:22px\" aria-hidden=\"true\" class=\"wp-block-spacer\"><\/div>\n\n\n\n<p>&#8211; <strong><span style=\"text-decoration: underline;\">Les objectifs<\/span><\/strong> :<\/p>\n\n\n\n<div style=\"height:20px\" aria-hidden=\"true\" class=\"wp-block-spacer\"><\/div>\n\n\n\n<p>Ancrage a pour but premier de cr\u00e9er du lien et <strong>une premi\u00e8re accroche <\/strong>avec l&rsquo;usager et\/ou de son entourage. Et ce, dans l&rsquo;objectif de favoriser la <strong>r\u00e9habilitation sociale <\/strong>de la personne.<\/p>\n\n\n\n<p>Via des documents de types brochures du service et des services ext\u00e9rieurs, affiches et message RDR ainsi que les \u00e9changes et interacations avec le personnel, Ancrage a pour objectif de favoriser sa mission d\u2019<strong>information, d\u2019orientation et de r\u00e9duction des risques de consommation<\/strong>.&nbsp;<\/p>\n\n\n\n<div style=\"height:26px\" aria-hidden=\"true\" class=\"wp-block-spacer\"><\/div>\n\n\n\n<p>&#8211; <strong><span style=\"text-decoration: underline;\">Co\u00fbt <\/span><\/strong>:<\/p>\n\n\n\n<div style=\"height:20px\" aria-hidden=\"true\" class=\"wp-block-spacer\"><\/div>\n\n\n\n<p>L&rsquo;accueil Ancrage est un <strong>service gratuit<\/strong>.<\/p>\n\n\n\n<p>L&rsquo;accueil ancrage est ouvert chaque <strong>mercredi matin de 9h \u00e0 12h<\/strong>.<\/p>\n\n\n\n<div style=\"height:40px\" aria-hidden=\"true\" class=\"wp-block-spacer\"><\/div>\n","protected":false},"excerpt":{"rendered":"<p>Ancrage est un lieu d\u2019hospitalit\u00e9 libre et sans jugement pour les usagers consommateurs et\/ou son entourage. L\u2019abstinence n\u2019est pas exig\u00e9e et le degr\u00e9 minimal de stabilisation de l\u2019usager n\u2019est pas obligatoire.Dans ce sens, la personne qui passe la porte de l\u2019accueil n\u2019a aucune obligation d\u2019engagement&#8230;.<\/p>\n","protected":false},"author":6,"featured_media":0,"parent":0,"menu_order":0,"comment_status":"closed","ping_status":"closed","template":"","meta":{"footnotes":""},"class_list":["post-500","page","type-page","status-publish","hentry"],"_links":{"self":[{"href":"https:\/\/asbl-ombrage.be\/index.php?rest_route=\/wp\/v2\/pages\/500","targetHints":{"allow":["GET"]}}],"collection":[{"href":"https:\/\/asbl-ombrage.be\/index.php?rest_route=\/wp\/v2\/pages"}],"about":[{"href":"https:\/\/asbl-ombrage.be\/index.php?rest_route=\/wp\/v2\/types\/page"}],"author":[{"embeddable":true,"href":"https:\/\/asbl-ombrage.be\/index.php?rest_route=\/wp\/v2\/users\/6"}],"replies":[{"embeddable":true,"href":"https:\/\/asbl-ombrage.be\/index.php?rest_route=%2Fwp%2Fv2%2Fcomments&post=500"}],"version-history":[{"count":13,"href":"https:\/\/asbl-ombrage.be\/index.php?rest_route=\/wp\/v2\/pages\/500\/revisions"}],"predecessor-version":[{"id":739,"href":"https:\/\/asbl-ombrage.be\/index.php?rest_route=\/wp\/v2\/pages\/500\/revisions\/739"}],"wp:attachment":[{"href":"https:\/\/asbl-ombrage.be\/index.php?rest_route=%2Fwp%2Fv2%2Fmedia&parent=500"}],"curies":[{"name":"wp","href":"https:\/\/api.w.org\/{rel}","templated":true}]}}