{"id":506,"date":"2024-10-20T14:06:53","date_gmt":"2024-10-20T12:06:53","guid":{"rendered":"https:\/\/asbl-ombrage.be\/?page_id=506"},"modified":"2026-02-27T11:36:41","modified_gmt":"2026-02-27T10:36:41","slug":"projet-agent-de-liaison","status":"publish","type":"page","link":"https:\/\/asbl-ombrage.be\/?page_id=506","title":{"rendered":"Consultations psychologiques"},"content":{"rendered":"\n<p>&#8211; <strong><span style=\"text-decoration: underline;\">Pr\u00e9sentation<\/span><\/strong>:<\/p>\n\n\n\n<div style=\"height:20px\" aria-hidden=\"true\" class=\"wp-block-spacer\"><\/div>\n\n\n\n<p>Ombrage propose des consultations psychologiques<strong> individuelles, de couple et ou de famille<\/strong>. Ses consultations ont pour objectif de favoriser la prise de conscience de soi, de comprendre et de modifier les sch\u00e9mas de pens\u00e9es n\u00e9gatives, d\u2019am\u00e9liorer les relations interpersonnelles et de trouver des solutions concr\u00e8tes aux probl\u00e8mes v\u00e9cus.<br><\/p>\n\n\n\n<div style=\"height:20px\" aria-hidden=\"true\" class=\"wp-block-spacer\"><\/div>\n\n\n\n<p>&#8211; <strong><span style=\"text-decoration: underline;\">Concr\u00e8tement<\/span><\/strong> :<\/p>\n\n\n\n<div style=\"height:20px\" aria-hidden=\"true\" class=\"wp-block-spacer\"><\/div>\n\n\n\n<p>Co\u00fbt : <strong>15\u20ac\/s\u00e9ance individuelle <\/strong>et <strong>25\u20ac\/s\u00e9ance de couple ou de famille<\/strong><br>Plage horaire des consultations: <strong>Lundi et mercredi matin, sur rdv<\/strong>.<br>Les demandes de rdvs se prennent par t\u00e9l\u00e9phone au 0478\/02.95.39 ou par mail \u00e0 asblombrage@gmail.com<\/p>\n\n\n\n<div style=\"height:20px\" aria-hidden=\"true\" class=\"wp-block-spacer\"><\/div>\n\n\n\n<p>&#8211; <strong><span style=\"text-decoration: underline;\">Les objectifs<\/span><\/strong> :<\/p>\n\n\n\n<div style=\"height:20px\" aria-hidden=\"true\" class=\"wp-block-spacer\"><\/div>\n\n\n\n<p>Les objectifs sont d\u00e9finis avec l\u2019usager et\/ou le proche.<\/p>\n\n\n\n<p>Le suivi est assur\u00e9 sur le long terme et s\u2019inscrit dans une prise en charge psychoth\u00e9rapeutique.<\/p>\n\n\n\n<div style=\"height:20px\" aria-hidden=\"true\" class=\"wp-block-spacer\"><\/div>\n\n\n\n<p><\/p>\n\n\n\n<div style=\"height:44px\" aria-hidden=\"true\" class=\"wp-block-spacer\"><\/div>\n","protected":false},"excerpt":{"rendered":"<p>&#8211; Pr\u00e9sentation: Ombrage propose des consultations psychologiques individuelles, de couple et ou de famille. Ses consultations ont pour objectif de favoriser la prise de conscience de soi, de comprendre et de modifier les sch\u00e9mas de pens\u00e9es n\u00e9gatives, d\u2019am\u00e9liorer les relations interpersonnelles et de trouver des&#8230;<\/p>\n","protected":false},"author":6,"featured_media":0,"parent":0,"menu_order":0,"comment_status":"closed","ping_status":"closed","template":"","meta":{"footnotes":""},"class_list":["post-506","page","type-page","status-publish","hentry"],"_links":{"self":[{"href":"https:\/\/asbl-ombrage.be\/index.php?rest_route=\/wp\/v2\/pages\/506","targetHints":{"allow":["GET"]}}],"collection":[{"href":"https:\/\/asbl-ombrage.be\/index.php?rest_route=\/wp\/v2\/pages"}],"about":[{"href":"https:\/\/asbl-ombrage.be\/index.php?rest_route=\/wp\/v2\/types\/page"}],"author":[{"embeddable":true,"href":"https:\/\/asbl-ombrage.be\/index.php?rest_route=\/wp\/v2\/users\/6"}],"replies":[{"embeddable":true,"href":"https:\/\/asbl-ombrage.be\/index.php?rest_route=%2Fwp%2Fv2%2Fcomments&post=506"}],"version-history":[{"count":14,"href":"https:\/\/asbl-ombrage.be\/index.php?rest_route=\/wp\/v2\/pages\/506\/revisions"}],"predecessor-version":[{"id":809,"href":"https:\/\/asbl-ombrage.be\/index.php?rest_route=\/wp\/v2\/pages\/506\/revisions\/809"}],"wp:attachment":[{"href":"https:\/\/asbl-ombrage.be\/index.php?rest_route=%2Fwp%2Fv2%2Fmedia&parent=506"}],"curies":[{"name":"wp","href":"https:\/\/api.w.org\/{rel}","templated":true}]}}