{"id":512,"date":"2024-10-20T14:22:29","date_gmt":"2024-10-20T12:22:29","guid":{"rendered":"https:\/\/asbl-ombrage.be\/?page_id=512"},"modified":"2026-02-25T11:53:41","modified_gmt":"2026-02-25T10:53:41","slug":"nos-formations","status":"publish","type":"page","link":"https:\/\/asbl-ombrage.be\/?page_id=512","title":{"rendered":"Nos formations"},"content":{"rendered":"\n<p>Ombrage propose un \u00e9ventail de formations sur la th\u00e9matique des assu\u00e9tudes, destin\u00e9es aux professionnels susceptibles d&rsquo;accompagner des personnes concern\u00e9es par des conduites addictives et\/ou le proche. <\/p>\n\n\n\n<p><\/p>\n\n\n\n<p>Celles-ci sont planifi\u00e9s dans le calendrier ci-dessous et sont organis\u00e9es soit \u00e0 l&rsquo;ASBL Ombrage, soit \u00e0 la demande dans un lieu d\u00e9termin\u00e9. Le prix d&rsquo;un module de formation est de 45\u20ac\/pers. <\/p>\n\n\n\n<p><\/p>\n\n\n\n<p>N&rsquo;h\u00e9sitez pas \u00e0 nous adresser un mail pour vous inscrire ou obtenir des informations compl\u00e9mentaires \u00e0 : asblombrage@gmail.com ou au 019\/51.56.26  <\/p>\n\n\n\n<div data-wp-interactive=\"core\/file\" class=\"wp-block-file\"><object data-wp-bind--hidden=\"!state.hasPdfPreview\" hidden class=\"wp-block-file__embed\" data=\"https:\/\/asbl-ombrage.be\/wp-content\/uploads\/2026\/02\/Catalogue-Formations-Ombrage-1.pdf\" type=\"application\/pdf\" style=\"width:100%;height:600px\" aria-label=\"Contenu embarqu\u00e9 Catalogue Formations Ombrage (1).\"><\/object><a id=\"wp-block-file--media-021ca0f1-3c89-455d-bce5-3615dc193b71\" href=\"https:\/\/asbl-ombrage.be\/wp-content\/uploads\/2026\/02\/Catalogue-Formations-Ombrage-1.pdf\">Catalogue Formations Ombrage (1)<\/a><a href=\"https:\/\/asbl-ombrage.be\/wp-content\/uploads\/2026\/02\/Catalogue-Formations-Ombrage-1.pdf\" class=\"wp-block-file__button wp-element-button\" download aria-describedby=\"wp-block-file--media-021ca0f1-3c89-455d-bce5-3615dc193b71\">T\u00e9l\u00e9charger<\/a><\/div>\n","protected":false},"excerpt":{"rendered":"<p>Ombrage propose un \u00e9ventail de formations sur la th\u00e9matique des assu\u00e9tudes, destin\u00e9es aux professionnels susceptibles d&rsquo;accompagner des personnes concern\u00e9es par des conduites addictives et\/ou le proche. Celles-ci sont planifi\u00e9s dans le calendrier ci-dessous et sont organis\u00e9es soit \u00e0 l&rsquo;ASBL Ombrage, soit \u00e0 la demande dans&#8230;<\/p>\n","protected":false},"author":6,"featured_media":0,"parent":0,"menu_order":0,"comment_status":"closed","ping_status":"closed","template":"","meta":{"footnotes":""},"class_list":["post-512","page","type-page","status-publish","hentry"],"_links":{"self":[{"href":"https:\/\/asbl-ombrage.be\/index.php?rest_route=\/wp\/v2\/pages\/512","targetHints":{"allow":["GET"]}}],"collection":[{"href":"https:\/\/asbl-ombrage.be\/index.php?rest_route=\/wp\/v2\/pages"}],"about":[{"href":"https:\/\/asbl-ombrage.be\/index.php?rest_route=\/wp\/v2\/types\/page"}],"author":[{"embeddable":true,"href":"https:\/\/asbl-ombrage.be\/index.php?rest_route=\/wp\/v2\/users\/6"}],"replies":[{"embeddable":true,"href":"https:\/\/asbl-ombrage.be\/index.php?rest_route=%2Fwp%2Fv2%2Fcomments&post=512"}],"version-history":[{"count":7,"href":"https:\/\/asbl-ombrage.be\/index.php?rest_route=\/wp\/v2\/pages\/512\/revisions"}],"predecessor-version":[{"id":778,"href":"https:\/\/asbl-ombrage.be\/index.php?rest_route=\/wp\/v2\/pages\/512\/revisions\/778"}],"wp:attachment":[{"href":"https:\/\/asbl-ombrage.be\/index.php?rest_route=%2Fwp%2Fv2%2Fmedia&parent=512"}],"curies":[{"name":"wp","href":"https:\/\/api.w.org\/{rel}","templated":true}]}}