{"id":519,"date":"2024-10-20T14:24:17","date_gmt":"2024-10-20T12:24:17","guid":{"rendered":"https:\/\/asbl-ombrage.be\/?page_id=519"},"modified":"2026-02-25T12:02:59","modified_gmt":"2026-02-25T11:02:59","slug":"introduction-aux-assuetudes","status":"publish","type":"page","link":"https:\/\/asbl-ombrage.be\/?page_id=519","title":{"rendered":"Introduction aux assu\u00e9tudes"},"content":{"rendered":"\n<p>La probl\u00e9matique des drogues et des assu\u00e9tudes repr\u00e9sente un enjeu important en termes de sant\u00e9 et de soci\u00e9t\u00e9. Mais qu\u2019est-ce qui se cache vraiment derri\u00e8re ce terme ?<br>Qui est le plus touch\u00e9 et quand parler d\u2019assu\u00e9tudes? Ce terme suscite souvent le questionnement chez les professionnels et non-professionnels. Que faire pour ces<br>personnes ?<br><\/p>\n\n\n\n<p>Ombrage propose une formation destin\u00e9e aux professionnels de premi\u00e8re ligne pouvant entrer en contact avec des personnes sujettes \u00e0 des assu\u00e9tudes et\/ou<br>consommatrices de drogues. Le programme a pour but d\u2019initier les professionnels souhaitant d\u00e9velopper leurs capacit\u00e9s \u00e0 faire face aux situations d\u2019usages de drogues<br>rencontr\u00e9es dans leurs pratiques. Le terme d\u2019assu\u00e9tude est souvent associ\u00e9 \u00e0 diff\u00e9rents st\u00e9r\u00e9otypes qui seront d\u00e9construits ensemble au fur et \u00e0 mesure.<br><\/p>\n\n\n\n<p>Nous aborderons les valeurs de chacun, nous questionnerons sur les diff\u00e9rentes facettes du processus de la d\u00e9pendance (circuit de la r\u00e9compense, tol\u00e9rance\u2026), nous<br>\u00e9changerons sur l\u2019axe de r\u00e9duction des risques et enfin, nous vous proposerons des pistes d\u2019actions et\/ou des outils sp\u00e9cifiques.<\/p>\n\n\n\n<h2 class=\"wp-block-heading\">En pratique<\/h2>\n\n\n\n<p>Dates : 2\/03\/2026 de 9h30 \u00e0 16h<\/p>\n\n\n\n<p>Lieu : ASBL Ombrage, rue de Tirlemont 6 \u00e0 4280 Hannut<\/p>\n\n\n\n<p><\/p>\n","protected":false},"excerpt":{"rendered":"<p>La probl\u00e9matique des drogues et des assu\u00e9tudes repr\u00e9sente un enjeu important en termes de sant\u00e9 et de soci\u00e9t\u00e9. Mais qu\u2019est-ce qui se cache vraiment derri\u00e8re ce terme ?Qui est le plus touch\u00e9 et quand parler d\u2019assu\u00e9tudes? Ce terme suscite souvent le questionnement chez les professionnels&#8230;<\/p>\n","protected":false},"author":6,"featured_media":0,"parent":0,"menu_order":0,"comment_status":"closed","ping_status":"closed","template":"","meta":{"footnotes":""},"class_list":["post-519","page","type-page","status-publish","hentry"],"_links":{"self":[{"href":"https:\/\/asbl-ombrage.be\/index.php?rest_route=\/wp\/v2\/pages\/519","targetHints":{"allow":["GET"]}}],"collection":[{"href":"https:\/\/asbl-ombrage.be\/index.php?rest_route=\/wp\/v2\/pages"}],"about":[{"href":"https:\/\/asbl-ombrage.be\/index.php?rest_route=\/wp\/v2\/types\/page"}],"author":[{"embeddable":true,"href":"https:\/\/asbl-ombrage.be\/index.php?rest_route=\/wp\/v2\/users\/6"}],"replies":[{"embeddable":true,"href":"https:\/\/asbl-ombrage.be\/index.php?rest_route=%2Fwp%2Fv2%2Fcomments&post=519"}],"version-history":[{"count":10,"href":"https:\/\/asbl-ombrage.be\/index.php?rest_route=\/wp\/v2\/pages\/519\/revisions"}],"predecessor-version":[{"id":785,"href":"https:\/\/asbl-ombrage.be\/index.php?rest_route=\/wp\/v2\/pages\/519\/revisions\/785"}],"wp:attachment":[{"href":"https:\/\/asbl-ombrage.be\/index.php?rest_route=%2Fwp%2Fv2%2Fmedia&parent=519"}],"curies":[{"name":"wp","href":"https:\/\/api.w.org\/{rel}","templated":true}]}}