{"id":525,"date":"2024-10-20T14:25:19","date_gmt":"2024-10-20T12:25:19","guid":{"rendered":"https:\/\/asbl-ombrage.be\/?page_id=525"},"modified":"2026-02-25T12:08:06","modified_gmt":"2026-02-25T11:08:06","slug":"module-de-base-alcool","status":"publish","type":"page","link":"https:\/\/asbl-ombrage.be\/?page_id=525","title":{"rendered":"Module de base \u00ab\u00a0alcool\u00a0\u00bb"},"content":{"rendered":"\n<p>Ce module de base a pour objectif de sensibiliser les professionnels \u00e0 l\u2019usage de l\u2019alcool, en offrant une compr\u00e9hension globale de la substance, de ses effets et des<br>risques qui y sont li\u00e9s. En plus de cette mise \u00e0 jour des connaissances, la formation s\u2019appuie sur des expertises de sp\u00e9cialistes afin d\u2019apporter un \u00e9clairage approfondi et actuel sur les usages d\u2019alcool et leurs enjeux.<br><\/p>\n\n\n\n<p>La d\u00e9marche propos\u00e9e est dynamique, participative et non jugeante, favorisant le partage de pratiques et la r\u00e9flexion collective.<br>La formation inclut \u00e9galement un regard issu de l\u2019exp\u00e9rience des usagers euxm\u00eames, permettant aux professionnels de mieux comprendre leurs r\u00e9alit\u00e9s et leurs<br>besoins.<br>Nous aborderons notamment : comment entrer en relation avec une personne consommatrice ; comment aborder le sujet de l\u2019alcool de mani\u00e8re adapt\u00e9e et respectueuse ;<br>quelles pistes d\u2019accompagnement proposer, qu\u2019il s\u2019agisse d\u2019abstinence ou de r\u00e9duction des risques ; quelle posture adopter en tant que professionnel face \u00e0 ce type de prise en charge.<\/p>\n\n\n\n<p><br>Nous rappellerons les messages essentiels de r\u00e9duction des risques li\u00e9s \u00e0 l\u2019alcool et pr\u00e9senterons les services d\u2019aide et de soins appropri\u00e9s disponibles sur le territoire<br>Li\u00e8ge \/ Huy-Waremme. Enfin, chaque module comprend une animation pratique, et celui-ci se cl\u00f4turera par un atelier r\u00e9flexif bas\u00e9 sur une situation concr\u00e8te, afin de soutenir l\u2019int\u00e9gration des contenus et leur application dans le travail quotidien.<\/p>\n\n\n\n<h2 class=\"wp-block-heading\">En pratique<\/h2>\n\n\n\n<p><strong>Lieu&nbsp;:<\/strong>&nbsp;dans les locaux de l&rsquo;ASBL Ombrage,&nbsp;<a href=\"https:\/\/www.google.com\/maps\/search\/6+rue+de+Tirlemont+%C3%A0+4280+Hannut?entry=gmail&amp;source=g\" target=\"_blank\" rel=\"noreferrer noopener\">6 rue de Tirlemont \u00e0 4280 Hannut<\/a>.&nbsp;<\/p>\n\n\n\n<p><strong>Dates\u00a0:\u00a0<\/strong>11\/05\/2026 de 9h30 \u00e0 16h<\/p>\n\n\n\n<p><\/p>\n","protected":false},"excerpt":{"rendered":"<p>Ce module de base a pour objectif de sensibiliser les professionnels \u00e0 l\u2019usage de l\u2019alcool, en offrant une compr\u00e9hension globale de la substance, de ses effets et desrisques qui y sont li\u00e9s. En plus de cette mise \u00e0 jour des connaissances, la formation s\u2019appuie sur&#8230;<\/p>\n","protected":false},"author":6,"featured_media":0,"parent":0,"menu_order":0,"comment_status":"closed","ping_status":"closed","template":"","meta":{"footnotes":""},"class_list":["post-525","page","type-page","status-publish","hentry"],"_links":{"self":[{"href":"https:\/\/asbl-ombrage.be\/index.php?rest_route=\/wp\/v2\/pages\/525","targetHints":{"allow":["GET"]}}],"collection":[{"href":"https:\/\/asbl-ombrage.be\/index.php?rest_route=\/wp\/v2\/pages"}],"about":[{"href":"https:\/\/asbl-ombrage.be\/index.php?rest_route=\/wp\/v2\/types\/page"}],"author":[{"embeddable":true,"href":"https:\/\/asbl-ombrage.be\/index.php?rest_route=\/wp\/v2\/users\/6"}],"replies":[{"embeddable":true,"href":"https:\/\/asbl-ombrage.be\/index.php?rest_route=%2Fwp%2Fv2%2Fcomments&post=525"}],"version-history":[{"count":5,"href":"https:\/\/asbl-ombrage.be\/index.php?rest_route=\/wp\/v2\/pages\/525\/revisions"}],"predecessor-version":[{"id":787,"href":"https:\/\/asbl-ombrage.be\/index.php?rest_route=\/wp\/v2\/pages\/525\/revisions\/787"}],"wp:attachment":[{"href":"https:\/\/asbl-ombrage.be\/index.php?rest_route=%2Fwp%2Fv2%2Fmedia&parent=525"}],"curies":[{"name":"wp","href":"https:\/\/api.w.org\/{rel}","templated":true}]}}