{"id":531,"date":"2024-10-20T14:26:12","date_gmt":"2024-10-20T12:26:12","guid":{"rendered":"https:\/\/asbl-ombrage.be\/?page_id=531"},"modified":"2026-02-25T12:17:49","modified_gmt":"2026-02-25T11:17:49","slug":"module-de-base-tabac","status":"publish","type":"page","link":"https:\/\/asbl-ombrage.be\/?page_id=531","title":{"rendered":"Module de base \u00ab\u00a0tabac et ses d\u00e9riv\u00e9s\u00a0\u00bb"},"content":{"rendered":"\n<p>Ce module de base vise \u00e0 sensibiliser les professionnels, de mani\u00e8re globale et nuanc\u00e9e, aux usages du tabac et de ses produits d\u00e9riv\u00e9s (vapoteuses, puffs, etc.), avec une attention particuli\u00e8re port\u00e9e aux consommations chez les jeunes. La formation propose un \u00e9clairage complet sur les produits, leurs effets, leurs risques ainsi que les enjeux actuels li\u00e9s \u00e0 ces consommations. <\/p>\n\n\n\n<p><\/p>\n\n\n\n<p>En compl\u00e9ment, vous b\u00e9n\u00e9ficierez d\u2019avis d\u2019expert\u00b7e\u00b7s et de sp\u00e9cialistes, afin d\u2019enrichir votre compr\u00e9hension et de soutenir vos pratiques professionnelles.<br>Dans un cadre dynamique, interactif et non jugeant, nous aborderons notamment : Comment entrer en relation avec un usager et comment aborder la question de la<br>consommation ; Quelles pistes d\u2019accompagnement proposer selon les situations ; Comment se positionner en tant que professionnelle face \u00e0 cette prise en charge ; Quels sont les messages de r\u00e9duction des risques \u00e0 transmettre ; Quels sont les services d\u2019aide et de soins adapt\u00e9s sur le territoire Li\u00e8ge\/HuyWaremme. Afin de compl\u00e9ter ces apports, la formation donnera \u00e9galement la parole \u00e0 des usagers, permettant de mieux comprendre leurs r\u00e9alit\u00e9s, leurs besoins et leurs repr\u00e9sentations.<br><\/p>\n\n\n\n<p>Chaque module inclut une animation pratique, dont un atelier r\u00e9flexif \u00e0 partir d\u2019une situation concr\u00e8te, pour favoriser l\u2019int\u00e9gration des contenus et l\u2019appropriation des<br>outils.<\/p>\n\n\n\n<h2 class=\"wp-block-heading\">En pratique<\/h2>\n\n\n\n<p><strong>Lieu&nbsp;:<\/strong>&nbsp;dans les locaux de l&rsquo;ASBL Ombrage,&nbsp;<a href=\"https:\/\/www.google.com\/maps\/search\/6+rue+de+Tirlemont+%C3%A0+4280+Hannut?entry=gmail&amp;source=g\" target=\"_blank\" rel=\"noreferrer noopener\">6 rue de Tirlemont \u00e0 4280 Hannut<\/a>.&nbsp;<\/p>\n\n\n\n<p><strong>Dates\u00a0:\u00a0<\/strong>30\/11\/2026 de 9h30 \u00e0 16h<\/p>\n","protected":false},"excerpt":{"rendered":"<p>Ce module de base vise \u00e0 sensibiliser les professionnels, de mani\u00e8re globale et nuanc\u00e9e, aux usages du tabac et de ses produits d\u00e9riv\u00e9s (vapoteuses, puffs, etc.), avec une attention particuli\u00e8re port\u00e9e aux consommations chez les jeunes. La formation propose un \u00e9clairage complet sur les produits,&#8230;<\/p>\n","protected":false},"author":6,"featured_media":0,"parent":0,"menu_order":0,"comment_status":"closed","ping_status":"closed","template":"","meta":{"footnotes":""},"class_list":["post-531","page","type-page","status-publish","hentry"],"_links":{"self":[{"href":"https:\/\/asbl-ombrage.be\/index.php?rest_route=\/wp\/v2\/pages\/531","targetHints":{"allow":["GET"]}}],"collection":[{"href":"https:\/\/asbl-ombrage.be\/index.php?rest_route=\/wp\/v2\/pages"}],"about":[{"href":"https:\/\/asbl-ombrage.be\/index.php?rest_route=\/wp\/v2\/types\/page"}],"author":[{"embeddable":true,"href":"https:\/\/asbl-ombrage.be\/index.php?rest_route=\/wp\/v2\/users\/6"}],"replies":[{"embeddable":true,"href":"https:\/\/asbl-ombrage.be\/index.php?rest_route=%2Fwp%2Fv2%2Fcomments&post=531"}],"version-history":[{"count":5,"href":"https:\/\/asbl-ombrage.be\/index.php?rest_route=\/wp\/v2\/pages\/531\/revisions"}],"predecessor-version":[{"id":792,"href":"https:\/\/asbl-ombrage.be\/index.php?rest_route=\/wp\/v2\/pages\/531\/revisions\/792"}],"wp:attachment":[{"href":"https:\/\/asbl-ombrage.be\/index.php?rest_route=%2Fwp%2Fv2%2Fmedia&parent=531"}],"curies":[{"name":"wp","href":"https:\/\/api.w.org\/{rel}","templated":true}]}}