{"id":537,"date":"2024-10-20T14:26:57","date_gmt":"2024-10-20T12:26:57","guid":{"rendered":"https:\/\/asbl-ombrage.be\/?page_id=537"},"modified":"2026-02-25T12:22:21","modified_gmt":"2026-02-25T11:22:21","slug":"module-de-base-assuetudes-sans-produit","status":"publish","type":"page","link":"https:\/\/asbl-ombrage.be\/?page_id=537","title":{"rendered":"Module de base \u00ab\u00a0assu\u00e9tudes sans produit\u00a0\u00bb"},"content":{"rendered":"\n<p>Ce module de base a pour objectif de sensibiliser les professionnels, de mani\u00e8re globale et accessible, aux probl\u00e9matiques de d\u00e9pendances sans produit, notamment les jeux<br>d\u2019argent et de hasard, ainsi que les cyberconsommations (\u00e9crans, r\u00e9seaux sociaux, jeux vid\u00e9o). Un focus particulier sera accord\u00e9 aux usages et vuln\u00e9rabilit\u00e9s chez les jeunes.<br><\/p>\n\n\n\n<p>La formation propose un \u00e9clairage complet sur ces formes de d\u00e9pendance : leurs m\u00e9canismes, leurs effets, les risques associ\u00e9s ainsi que leurs impacts sur la vie quotidienne des usagers. En compl\u00e9ment, vous b\u00e9n\u00e9ficierez d\u2019avis d\u2019expert\u00b7e\u00b7s et de sp\u00e9cialistes afin d\u2019enrichir votre compr\u00e9hension et d\u2019appuyer vos pratiques<br>professionnelles. Dans un cadre dynamique, participatif et non jugeant, nous explorerons notamment : Comment entrer en relation avec un usager et aborder la question de la d\u00e9pendance sans produit ; Les pistes d\u2019accompagnement possibles en fonction des situations ; Le positionnement du\/de la professionnel\u00b7le face \u00e0 la prise en charge ; Les messages de r\u00e9duction des risques adapt\u00e9s \u00e0 ces probl\u00e9matiques ; Les services d\u2019aide et de soins disponibles sur le territoire Li\u00e8ge\/Huy-Waremme.<br><\/p>\n\n\n\n<p>La formation donnera \u00e9galement la parole \u00e0 des usagers, afin de permettre une meilleure compr\u00e9hension de leurs exp\u00e9riences, besoins et repr\u00e9sentations. Chaque module inclut une animation pratique, notamment un atelier r\u00e9flexif bas\u00e9 sur une situation concr\u00e8te, pour favoriser l\u2019appropriation des contenus et soutenir les apprentissages.<\/p>\n\n\n\n<p><\/p>\n\n\n\n<h2 class=\"wp-block-heading\">En pratique<\/h2>\n\n\n\n<p>Lieu : Rue de Tirlemont6 \u00e0 4280 Hannut<\/p>\n\n\n\n<p>Date: 8\/02\/2027 de 9h30 \u00e0 16h<\/p>\n","protected":false},"excerpt":{"rendered":"<p>Ce module de base a pour objectif de sensibiliser les professionnels, de mani\u00e8re globale et accessible, aux probl\u00e9matiques de d\u00e9pendances sans produit, notamment les jeuxd\u2019argent et de hasard, ainsi que les cyberconsommations (\u00e9crans, r\u00e9seaux sociaux, jeux vid\u00e9o). Un focus particulier sera accord\u00e9 aux usages et&#8230;<\/p>\n","protected":false},"author":6,"featured_media":0,"parent":0,"menu_order":0,"comment_status":"closed","ping_status":"closed","template":"","meta":{"footnotes":""},"class_list":["post-537","page","type-page","status-publish","hentry"],"_links":{"self":[{"href":"https:\/\/asbl-ombrage.be\/index.php?rest_route=\/wp\/v2\/pages\/537","targetHints":{"allow":["GET"]}}],"collection":[{"href":"https:\/\/asbl-ombrage.be\/index.php?rest_route=\/wp\/v2\/pages"}],"about":[{"href":"https:\/\/asbl-ombrage.be\/index.php?rest_route=\/wp\/v2\/types\/page"}],"author":[{"embeddable":true,"href":"https:\/\/asbl-ombrage.be\/index.php?rest_route=\/wp\/v2\/users\/6"}],"replies":[{"embeddable":true,"href":"https:\/\/asbl-ombrage.be\/index.php?rest_route=%2Fwp%2Fv2%2Fcomments&post=537"}],"version-history":[{"count":4,"href":"https:\/\/asbl-ombrage.be\/index.php?rest_route=\/wp\/v2\/pages\/537\/revisions"}],"predecessor-version":[{"id":794,"href":"https:\/\/asbl-ombrage.be\/index.php?rest_route=\/wp\/v2\/pages\/537\/revisions\/794"}],"wp:attachment":[{"href":"https:\/\/asbl-ombrage.be\/index.php?rest_route=%2Fwp%2Fv2%2Fmedia&parent=537"}],"curies":[{"name":"wp","href":"https:\/\/api.w.org\/{rel}","templated":true}]}}