{"id":582,"date":"2024-10-23T11:43:00","date_gmt":"2024-10-23T09:43:00","guid":{"rendered":"https:\/\/asbl-ombrage.be\/?page_id=582"},"modified":"2024-12-21T15:37:59","modified_gmt":"2024-12-21T14:37:59","slug":"procedure-de-candidature","status":"publish","type":"page","link":"https:\/\/asbl-ombrage.be\/?page_id=582","title":{"rendered":"Proc\u00e9dure de candidature"},"content":{"rendered":"\n<p>Le candidat peut prendre rdv via un\u00a0<strong>appel t\u00e9l\u00e9phonique<\/strong>.<\/p>\n\n\n\n<div style=\"height:20px\" aria-hidden=\"true\" class=\"wp-block-spacer\"><\/div>\n\n\n\n<p>La candidature se d\u00e9roule alors en\u00a0<strong>3\u00a0phases<\/strong>\u00a0:<\/p>\n\n\n\n<div style=\"height:20px\" aria-hidden=\"true\" class=\"wp-block-spacer\"><\/div>\n\n\n\n<p>1)\u00a0<strong>Rencontre avec un travailleur<\/strong> qui pr\u00e9sente l\u2019institution, le projet du SMS et\u00a0l\u2019anamn\u00e8se sociale du candidat<\/p>\n\n\n\n<p>2) <strong>Concertation en \u00e9quipe<\/strong> et prise de d\u00e9cision.<\/p>\n\n\n\n<p>3) <strong>Rencontre avec le psychiatre r\u00e9f\u00e9rent<\/strong>\u00a0dans le mois\u00a0<\/p>\n\n\n\n<p><\/p>\n","protected":false},"excerpt":{"rendered":"<p>Le candidat peut prendre rdv via un\u00a0appel t\u00e9l\u00e9phonique. La candidature se d\u00e9roule alors en\u00a03\u00a0phases\u00a0: 1)\u00a0Rencontre avec un travailleur qui pr\u00e9sente l\u2019institution, le projet du SMS et\u00a0l\u2019anamn\u00e8se sociale du candidat 2) Concertation en \u00e9quipe et prise de d\u00e9cision. 3) Rencontre avec le psychiatre r\u00e9f\u00e9rent\u00a0dans le mois\u00a0<\/p>\n","protected":false},"author":6,"featured_media":0,"parent":0,"menu_order":0,"comment_status":"closed","ping_status":"closed","template":"","meta":{"footnotes":""},"class_list":["post-582","page","type-page","status-publish","hentry"],"_links":{"self":[{"href":"https:\/\/asbl-ombrage.be\/index.php?rest_route=\/wp\/v2\/pages\/582","targetHints":{"allow":["GET"]}}],"collection":[{"href":"https:\/\/asbl-ombrage.be\/index.php?rest_route=\/wp\/v2\/pages"}],"about":[{"href":"https:\/\/asbl-ombrage.be\/index.php?rest_route=\/wp\/v2\/types\/page"}],"author":[{"embeddable":true,"href":"https:\/\/asbl-ombrage.be\/index.php?rest_route=\/wp\/v2\/users\/6"}],"replies":[{"embeddable":true,"href":"https:\/\/asbl-ombrage.be\/index.php?rest_route=%2Fwp%2Fv2%2Fcomments&post=582"}],"version-history":[{"count":4,"href":"https:\/\/asbl-ombrage.be\/index.php?rest_route=\/wp\/v2\/pages\/582\/revisions"}],"predecessor-version":[{"id":674,"href":"https:\/\/asbl-ombrage.be\/index.php?rest_route=\/wp\/v2\/pages\/582\/revisions\/674"}],"wp:attachment":[{"href":"https:\/\/asbl-ombrage.be\/index.php?rest_route=%2Fwp%2Fv2%2Fmedia&parent=582"}],"curies":[{"name":"wp","href":"https:\/\/api.w.org\/{rel}","templated":true}]}}