{"id":624,"date":"2024-12-21T14:44:34","date_gmt":"2024-12-21T13:44:34","guid":{"rendered":"https:\/\/asbl-ombrage.be\/?page_id=624"},"modified":"2026-02-25T12:29:26","modified_gmt":"2026-02-25T11:29:26","slug":"decouverte-de-loutil-depgame","status":"publish","type":"page","link":"https:\/\/asbl-ombrage.be\/?page_id=624","title":{"rendered":"D\u00e9couverte et formation \u00e0 l&rsquo;utilisation de nos outils"},"content":{"rendered":"\n<p>L\u2019asbl Ombrage organise une journ\u00e9e de formation consacr\u00e9e \u00e0 la d\u00e9couverte et \u00e0 la prise en main de trois outils p\u00e9dagogiques destin\u00e9s \u00e0 soutenir les professionnels dans<br>l\u2019accompagnement et la pr\u00e9vention des conduites addictives : DEP Game, Neur\u2019Addik et Clue&amp;Dose. Cette journ\u00e9e vise \u00e0 renforcer les comp\u00e9tences des intervenants en leur permettant de comprendre les fondements th\u00e9oriques de ces outils, leurs objectifs p\u00e9dagogiques ainsi que leurs modalit\u00e9s d\u2019utilisation aupr\u00e8s de diff\u00e9rents publics. Les participants seront amen\u00e9s \u00e0 exp\u00e9rimenter les supports, \u00e0 analyser les pratiques professionnelles et \u00e0 identifier les contextes dans lesquels les int\u00e9grer.<br><\/p>\n\n\n\n<p>Objectifs:  Acqu\u00e9rir une connaissance structur\u00e9e des outils et de leurs finalit\u00e9s. D\u00e9velopper des comp\u00e9tences pratiques d\u2019animation et d\u2019accompagnement. Situer les outils dans une d\u00e9marche globale de pr\u00e9vention et de r\u00e9duction des risques. Identifier les modalit\u00e9s d\u2019acc\u00e8s et d\u2019acquisition du mat\u00e9riel.<br><\/p>\n\n\n\n<h2 class=\"wp-block-heading\">En pratique<\/h2>\n\n\n\n<p>Date: 19\/04\/2027 de 9h30 \u00e0 16h<\/p>\n\n\n\n<p>Lieu: Rue de Tirlemont 6 \u00e0 4280 Hannut<\/p>\n\n\n\n<p><\/p>\n","protected":false},"excerpt":{"rendered":"<p>L\u2019asbl Ombrage organise une journ\u00e9e de formation consacr\u00e9e \u00e0 la d\u00e9couverte et \u00e0 la prise en main de trois outils p\u00e9dagogiques destin\u00e9s \u00e0 soutenir les professionnels dansl\u2019accompagnement et la pr\u00e9vention des conduites addictives : DEP Game, Neur\u2019Addik et Clue&amp;Dose. Cette journ\u00e9e vise \u00e0 renforcer les&#8230;<\/p>\n","protected":false},"author":6,"featured_media":0,"parent":0,"menu_order":0,"comment_status":"closed","ping_status":"closed","template":"","meta":{"footnotes":""},"class_list":["post-624","page","type-page","status-publish","hentry"],"_links":{"self":[{"href":"https:\/\/asbl-ombrage.be\/index.php?rest_route=\/wp\/v2\/pages\/624","targetHints":{"allow":["GET"]}}],"collection":[{"href":"https:\/\/asbl-ombrage.be\/index.php?rest_route=\/wp\/v2\/pages"}],"about":[{"href":"https:\/\/asbl-ombrage.be\/index.php?rest_route=\/wp\/v2\/types\/page"}],"author":[{"embeddable":true,"href":"https:\/\/asbl-ombrage.be\/index.php?rest_route=\/wp\/v2\/users\/6"}],"replies":[{"embeddable":true,"href":"https:\/\/asbl-ombrage.be\/index.php?rest_route=%2Fwp%2Fv2%2Fcomments&post=624"}],"version-history":[{"count":2,"href":"https:\/\/asbl-ombrage.be\/index.php?rest_route=\/wp\/v2\/pages\/624\/revisions"}],"predecessor-version":[{"id":798,"href":"https:\/\/asbl-ombrage.be\/index.php?rest_route=\/wp\/v2\/pages\/624\/revisions\/798"}],"wp:attachment":[{"href":"https:\/\/asbl-ombrage.be\/index.php?rest_route=%2Fwp%2Fv2%2Fmedia&parent=624"}],"curies":[{"name":"wp","href":"https:\/\/api.w.org\/{rel}","templated":true}]}}