{"id":631,"date":"2024-12-21T14:51:16","date_gmt":"2024-12-21T13:51:16","guid":{"rendered":"https:\/\/asbl-ombrage.be\/?page_id=631"},"modified":"2026-02-28T19:04:37","modified_gmt":"2026-02-28T18:04:37","slug":"podcasts","status":"publish","type":"page","link":"https:\/\/asbl-ombrage.be\/?page_id=631","title":{"rendered":"Podcasts et Presse"},"content":{"rendered":"<div class=\"wp-block-image\">\n<figure class=\"aligncenter size-large is-resized\"><a href=\"https:\/\/www.radiocompile.net\/lasbl-ombrage-de-hannut-quest-ce-que-cest\/\"><img loading=\"lazy\" decoding=\"async\" width=\"1024\" height=\"576\" src=\"https:\/\/asbl-ombrage.be\/wp-content\/uploads\/2021\/04\/ASBL_Ombrage_Hannut_bis-1024x576.jpg\" alt=\"\" class=\"wp-image-218\" style=\"width:400px\"\/><\/a><\/figure>\n<\/div>\n\n\n<p>Le 9 avril 2021, Andr\u00e9 Roder pr\u00e9sentait Ombrage dans <a href=\"https:\/\/www.radiocompile.net\/hannut-story\/\">Hannut Story<\/a>. Cliquez sur la photo pour acc\u00e9der au site de Radio Compile et (r\u00e9)\u00e9couter le podcast.<\/p>\n\n\n\n<p>Merci Andr\u00e9 et merci Radio Compile !<\/p>\n\n\n\n<p><\/p>\n","protected":false},"excerpt":{"rendered":"<p>Le 9 avril 2021, Andr\u00e9 Roder pr\u00e9sentait Ombrage dans Hannut Story. Cliquez sur la photo pour acc\u00e9der au site de Radio Compile et (r\u00e9)\u00e9couter le podcast. Merci Andr\u00e9 et merci Radio Compile !<\/p>\n","protected":false},"author":6,"featured_media":0,"parent":0,"menu_order":0,"comment_status":"closed","ping_status":"closed","template":"","meta":{"footnotes":""},"class_list":["post-631","page","type-page","status-publish","hentry"],"_links":{"self":[{"href":"https:\/\/asbl-ombrage.be\/index.php?rest_route=\/wp\/v2\/pages\/631","targetHints":{"allow":["GET"]}}],"collection":[{"href":"https:\/\/asbl-ombrage.be\/index.php?rest_route=\/wp\/v2\/pages"}],"about":[{"href":"https:\/\/asbl-ombrage.be\/index.php?rest_route=\/wp\/v2\/types\/page"}],"author":[{"embeddable":true,"href":"https:\/\/asbl-ombrage.be\/index.php?rest_route=\/wp\/v2\/users\/6"}],"replies":[{"embeddable":true,"href":"https:\/\/asbl-ombrage.be\/index.php?rest_route=%2Fwp%2Fv2%2Fcomments&post=631"}],"version-history":[{"count":6,"href":"https:\/\/asbl-ombrage.be\/index.php?rest_route=\/wp\/v2\/pages\/631\/revisions"}],"predecessor-version":[{"id":840,"href":"https:\/\/asbl-ombrage.be\/index.php?rest_route=\/wp\/v2\/pages\/631\/revisions\/840"}],"wp:attachment":[{"href":"https:\/\/asbl-ombrage.be\/index.php?rest_route=%2Fwp%2Fv2%2Fmedia&parent=631"}],"curies":[{"name":"wp","href":"https:\/\/api.w.org\/{rel}","templated":true}]}}